{"id":151,"date":"2022-06-16T13:53:33","date_gmt":"2022-06-16T13:53:33","guid":{"rendered":"https:\/\/livingaroha.com\/?page_id=151"},"modified":"2024-07-14T13:05:29","modified_gmt":"2024-07-14T13:05:29","slug":"home-svenska","status":"publish","type":"page","link":"https:\/\/livingaroha.com\/","title":{"rendered":"Hem"},"content":{"rendered":"\n<div class=\"wp-block-media-text alignwide is-stacked-on-mobile\" style=\"grid-template-columns:41% auto\"><figure class=\"wp-block-media-text__media\"><img loading=\"lazy\" decoding=\"async\" width=\"1024\" height=\"576\" src=\"https:\/\/livingaroha.com\/wp-content\/uploads\/2022\/07\/DSC05863-1024x576.jpg\" alt=\"\" class=\"wp-image-330 size-full\" srcset=\"https:\/\/livingaroha.com\/wp-content\/uploads\/2022\/07\/DSC05863-1024x576.jpg 1024w, https:\/\/livingaroha.com\/wp-content\/uploads\/2022\/07\/DSC05863-300x169.jpg 300w, https:\/\/livingaroha.com\/wp-content\/uploads\/2022\/07\/DSC05863-768x432.jpg 768w, https:\/\/livingaroha.com\/wp-content\/uploads\/2022\/07\/DSC05863-1536x864.jpg 1536w, https:\/\/livingaroha.com\/wp-content\/uploads\/2022\/07\/DSC05863-1568x882.jpg 1568w, https:\/\/livingaroha.com\/wp-content\/uploads\/2022\/07\/DSC05863.jpg 1920w\" sizes=\"auto, (max-width: 1024px) 100vw, 1024px\" \/><\/figure><div class=\"wp-block-media-text__content\">\n<p>V\u00e4lkommen till Living Aroha fysioterapi f\u00f6r djur och m\u00e4nniskor! Jag heter Jorine och som leg. fysioterapeut\/sjukgymnast f\u00f6r djur har jag specialiserat mig p\u00e5 behandling av hundar och h\u00e4star. Dessutom \u00e4r jag \u00e4ven legitimerad f\u00f6r att behandla m\u00e4nniskor. Precis som vi sj\u00e4lva kan v\u00e5ra kamrater beh\u00f6va fysioterapi f\u00f6r att f\u00f6rb\u00e4ttra sin r\u00f6relsef\u00f6rm\u00e5ga och f\u00e5 dem aktiva och friska igen.<\/p>\n<\/div><\/div>\n\n\n\n<p>N\u00e4r jag b\u00f6rjade som ridl\u00e4rare var mitt m\u00e5l att f\u00f6rb\u00e4ttra kommunikationen och harmonin mellan h\u00e4st och ryttare. D\u00e4rmed fokuserade jag fr\u00e4mst p\u00e5 att f\u00f6rb\u00e4ttra h\u00e4stens mentala v\u00e4lbefinnande. Men eftersom mental och fysisk h\u00e4lsa \u00e4r som tv\u00e5 sidor av ett mynt ville jag kunna arbeta mer med den fysiska h\u00e4lsan ocks\u00e5. F\u00f6r mig var detta en bra anledning att p\u00e5b\u00f6rja min fysioterapiutbildning.<\/p>\n\n\n\n<p>Efter fyra \u00e5rs studier i fysioterapi f\u00f6r m\u00e4nniskor kunde jag forts\u00e4tta med djurfysioterapi som fokuserar p\u00e5 hundar och h\u00e4star, men eftersom jag har arbetat med m\u00e5nga djur \u00e4r du v\u00e4lkommen att kontakta mig f\u00f6r din katt, ko eller n\u00e5got annat djur ocks\u00e5.<\/p>\n\n\n\n<p>Det fina med att ha utbildat mig till (m\u00e4nsklig) fysioterapeut samt djurfysioterapeut\/djursjukgymnast \u00e4r att jag kan hj\u00e4lpa b\u00e5de h\u00e4st och ryttare i deras prestationer. Inte s\u00e4llan skapar stelhet eller asymmetri hos ryttaren ett liknande problem f\u00f6r h\u00e4sten.<\/p>\n\n\n\n<figure class=\"wp-block-image size-large is-resized\"><img loading=\"lazy\" decoding=\"async\" width=\"1024\" height=\"768\" src=\"https:\/\/livingaroha.com\/wp-content\/uploads\/2022\/07\/20220721_Joy-en-ik--1024x768.jpeg\" alt=\"\" class=\"wp-image-288\" style=\"width:698px;height:523px\" srcset=\"https:\/\/livingaroha.com\/wp-content\/uploads\/2022\/07\/20220721_Joy-en-ik--1024x768.jpeg 1024w, https:\/\/livingaroha.com\/wp-content\/uploads\/2022\/07\/20220721_Joy-en-ik--300x225.jpeg 300w, https:\/\/livingaroha.com\/wp-content\/uploads\/2022\/07\/20220721_Joy-en-ik--768x576.jpeg 768w, https:\/\/livingaroha.com\/wp-content\/uploads\/2022\/07\/20220721_Joy-en-ik--1536x1152.jpeg 1536w, https:\/\/livingaroha.com\/wp-content\/uploads\/2022\/07\/20220721_Joy-en-ik--2048x1536.jpeg 2048w, https:\/\/livingaroha.com\/wp-content\/uploads\/2022\/07\/20220721_Joy-en-ik--1568x1176.jpeg 1568w\" sizes=\"auto, (max-width: 1024px) 100vw, 1024px\" \/><\/figure>\n","protected":false},"excerpt":{"rendered":"<p>V\u00e4lkommen till Living Aroha fysioterapi f\u00f6r djur och m\u00e4nniskor! Jag heter Jorine och som leg. fysioterapeut\/sjukgymnast f\u00f6r djur har jag specialiserat mig p\u00e5 behandling av hundar och h\u00e4star. Dessutom \u00e4r jag \u00e4ven legitimerad f\u00f6r att behandla m\u00e4nniskor. Precis som vi sj\u00e4lva kan v\u00e5ra kamrater beh\u00f6va fysioterapi f\u00f6r att f\u00f6rb\u00e4ttra sin r\u00f6relsef\u00f6rm\u00e5ga och f\u00e5 dem aktiva [&hellip;]<\/p>\n","protected":false},"author":2,"featured_media":0,"parent":0,"menu_order":0,"comment_status":"closed","ping_status":"closed","template":"","meta":{"footnotes":""},"class_list":["post-151","page","type-page","status-publish","hentry"],"_links":{"self":[{"href":"https:\/\/livingaroha.com\/index.php?rest_route=\/wp\/v2\/pages\/151","targetHints":{"allow":["GET"]}}],"collection":[{"href":"https:\/\/livingaroha.com\/index.php?rest_route=\/wp\/v2\/pages"}],"about":[{"href":"https:\/\/livingaroha.com\/index.php?rest_route=\/wp\/v2\/types\/page"}],"author":[{"embeddable":true,"href":"https:\/\/livingaroha.com\/index.php?rest_route=\/wp\/v2\/users\/2"}],"replies":[{"embeddable":true,"href":"https:\/\/livingaroha.com\/index.php?rest_route=%2Fwp%2Fv2%2Fcomments&post=151"}],"version-history":[{"count":17,"href":"https:\/\/livingaroha.com\/index.php?rest_route=\/wp\/v2\/pages\/151\/revisions"}],"predecessor-version":[{"id":631,"href":"https:\/\/livingaroha.com\/index.php?rest_route=\/wp\/v2\/pages\/151\/revisions\/631"}],"wp:attachment":[{"href":"https:\/\/livingaroha.com\/index.php?rest_route=%2Fwp%2Fv2%2Fmedia&parent=151"}],"curies":[{"name":"wp","href":"https:\/\/api.w.org\/{rel}","templated":true}]}}