{"id":154,"date":"2022-06-16T13:56:54","date_gmt":"2022-06-16T13:56:54","guid":{"rendered":"https:\/\/livingaroha.com\/?page_id=154"},"modified":"2026-05-01T08:03:17","modified_gmt":"2026-05-01T08:03:17","slug":"hundar","status":"publish","type":"page","link":"https:\/\/livingaroha.com\/?page_id=154","title":{"rendered":"Hundrehab och friskv\u00e5rd"},"content":{"rendered":"\n<p>Ett lyckligt, h\u00e4lsosamt och aktivt liv. Det \u00e4r vad vi alla \u00f6nskar f\u00f6r v\u00e5ra b\u00e4sta kamrater.<\/p>\n\n\n\n<p>Men ibland beh\u00f6ver de lite hj\u00e4lp. Precis som f\u00f6r oss sj\u00e4lva kan fysioterapi i m\u00e5nga fall hj\u00e4lpa till att h\u00e5lla v\u00e5ra hundar aktiva och sm\u00e4rtfria.<\/p>\n\n\n\n<p>T\u00e4nk p\u00e5 rehab efter en operation eller om din hund skadat sig under sport eller lek.<\/p>\n\n\n\n<p>Men \u00e4ven \u00e4ldre hundar som f\u00e5r sv\u00e5rare att r\u00f6ra sig och g\u00f6ra sina dagliga rundor med dig. Med sjukgymnastik arbetar vi med att f\u00f6rb\u00e4ttra flexibilitet, stabilitet, styrka och sm\u00e4rtlindring.<\/p>\n\n\n\n<p>Under det f\u00f6rsta m\u00f6tet tar jag mig tid att unders\u00f6ka din hund genom att titta p\u00e5 hans\/hennes r\u00f6relser och unders\u00f6ka leder och muskler.<\/p>\n\n\n\n<p>Baserat p\u00e5 dessa resultat kommer jag att ge dig r\u00e5d och g\u00f6ra en behandlingsplan.<\/p>\n\n\n\n<p>Din hund \u00e4r ocks\u00e5 v\u00e4lkommen hos mig f\u00f6r kloklippning. Om klorna \u00e4r f\u00f6r l\u00e5nga p\u00e5verkar det hundens f\u00f6rm\u00e5ga att r\u00f6ra sig. Det inneb\u00e4r ocks\u00e5 en \u00f6kad risk f\u00f6r \u00f6verbelastning av senor och leder.<\/p>\n\n\n\n<figure class=\"wp-block-image size-large\"><img loading=\"lazy\" decoding=\"async\" width=\"683\" height=\"1024\" src=\"https:\/\/livingaroha.com\/wp-content\/uploads\/2022\/06\/0N6A4847-1-683x1024.jpg\" alt=\"\" class=\"wp-image-207\" srcset=\"https:\/\/livingaroha.com\/wp-content\/uploads\/2022\/06\/0N6A4847-1-683x1024.jpg 683w, https:\/\/livingaroha.com\/wp-content\/uploads\/2022\/06\/0N6A4847-1-200x300.jpg 200w, https:\/\/livingaroha.com\/wp-content\/uploads\/2022\/06\/0N6A4847-1-768x1152.jpg 768w, https:\/\/livingaroha.com\/wp-content\/uploads\/2022\/06\/0N6A4847-1-1024x1536.jpg 1024w, https:\/\/livingaroha.com\/wp-content\/uploads\/2022\/06\/0N6A4847-1-1365x2048.jpg 1365w, https:\/\/livingaroha.com\/wp-content\/uploads\/2022\/06\/0N6A4847-1-1568x2352.jpg 1568w, https:\/\/livingaroha.com\/wp-content\/uploads\/2022\/06\/0N6A4847-1-scaled.jpg 1706w\" sizes=\"auto, (max-width: 683px) 100vw, 683px\" \/><\/figure>\n","protected":false},"excerpt":{"rendered":"<p>Ett lyckligt, h\u00e4lsosamt och aktivt liv. Det \u00e4r vad vi alla \u00f6nskar f\u00f6r v\u00e5ra b\u00e4sta kamrater. Men ibland beh\u00f6ver de lite hj\u00e4lp. Precis som f\u00f6r oss sj\u00e4lva kan fysioterapi i m\u00e5nga fall hj\u00e4lpa till att h\u00e5lla v\u00e5ra hundar aktiva och sm\u00e4rtfria. T\u00e4nk p\u00e5 rehab efter en operation eller om din hund skadat sig under sport [&hellip;]<\/p>\n","protected":false},"author":2,"featured_media":0,"parent":0,"menu_order":0,"comment_status":"closed","ping_status":"closed","template":"","meta":{"footnotes":""},"class_list":["post-154","page","type-page","status-publish","hentry"],"_links":{"self":[{"href":"https:\/\/livingaroha.com\/index.php?rest_route=\/wp\/v2\/pages\/154","targetHints":{"allow":["GET"]}}],"collection":[{"href":"https:\/\/livingaroha.com\/index.php?rest_route=\/wp\/v2\/pages"}],"about":[{"href":"https:\/\/livingaroha.com\/index.php?rest_route=\/wp\/v2\/types\/page"}],"author":[{"embeddable":true,"href":"https:\/\/livingaroha.com\/index.php?rest_route=\/wp\/v2\/users\/2"}],"replies":[{"embeddable":true,"href":"https:\/\/livingaroha.com\/index.php?rest_route=%2Fwp%2Fv2%2Fcomments&post=154"}],"version-history":[{"count":11,"href":"https:\/\/livingaroha.com\/index.php?rest_route=\/wp\/v2\/pages\/154\/revisions"}],"predecessor-version":[{"id":730,"href":"https:\/\/livingaroha.com\/index.php?rest_route=\/wp\/v2\/pages\/154\/revisions\/730"}],"wp:attachment":[{"href":"https:\/\/livingaroha.com\/index.php?rest_route=%2Fwp%2Fv2%2Fmedia&parent=154"}],"curies":[{"name":"wp","href":"https:\/\/api.w.org\/{rel}","templated":true}]}}