{"id":158,"date":"2022-06-16T14:00:02","date_gmt":"2022-06-16T14:00:02","guid":{"rendered":"https:\/\/livingaroha.com\/?page_id=158"},"modified":"2022-07-26T14:04:00","modified_gmt":"2022-07-26T14:04:00","slug":"lektioner","status":"publish","type":"page","link":"https:\/\/livingaroha.com\/?page_id=158","title":{"rendered":"Lektioner"},"content":{"rendered":"\n<p>Att arbeta tillsammans med en lycklig och frisk h\u00e4st \u00e4r v\u00e4l det som vi alla vill?<\/p>\n\n\n\n<p>F\u00f6r att uppn\u00e5 detta m\u00e5ste s\u00e5 mycket komma samman. Kommunikationen mellan dig och din h\u00e4st m\u00e5ste vara tydlig och v\u00e4nlig. B\u00e5de du och din h\u00e4st m\u00e5ste vara fysiskt starka och kunna r\u00f6ra er tillsammans i samma rytm. Fysisk och mental styrka, flexibilitet och klarhet i v\u00e5ra r\u00f6relser b\u00e5de p\u00e5 marken och n\u00e4r vi rider \u00e4r viktiga saker f\u00f6r ett gott horsemanship.<\/p>\n\n\n\n<p>Under lektionerna arbetar vi med alla aspekter som beh\u00f6vs f\u00f6r att f\u00e5 harmoni i din ridning. Oavsett om du vill bli b\u00e4ttre p\u00e5 dressyr, hoppning eller om du vill njuta av friluftslivet tillsammans med h\u00e4sten \u00e4r grunderna desamma.<\/p>\n\n\n\n<p>Beroende p\u00e5 var du st\u00e5r finns det ett par grundl\u00e4ggande principer som vi arbetar med.<\/p>\n\n\n\n<ul class=\"wp-block-list\"><li>Att f\u00f6rst\u00e5 din h\u00e4st \u00e4r det f\u00f6rsta steget f\u00f6r att kunna g\u00f6ra dig f\u00f6rst\u00e5dd av den.<\/li><li>Kunskap om hur h\u00e4stens kropp fungerar och vad den beh\u00f6ver f\u00f6r att kunna b\u00e4ra dig.<\/li><li>\u00d6ka din egen styrka, flexibilitet och kroppsmedvetenhet s\u00e5 att du kan ge tydliga signaler.<\/li><li>\u00d6ka din h\u00e4sts styrka<\/li><\/ul>\n\n\n\n<p>Praktiskt sett kommer lektionerna att inneh\u00e5lla \u00f6vningar i markarbete, \u00f6vningar i kroppsmedvetenhet och naturligtvis ridning.<\/p>\n\n\n\n<p>Under den f\u00f6rsta lektionen tittar vi p\u00e5 dina personliga m\u00e5l och var du befinner dig just nu.<\/p>\n\n\n\n<p>Det viktigaste \u00e4r att du och din h\u00e4st kan njuta av varje steg p\u00e5 v\u00e4gen mot era m\u00e5l. P\u00e5 s\u00e5 s\u00e4tt kan ni b\u00e5da utvecklas och kanske uppt\u00e4cker ni i slut\u00e4ndan att tillv\u00e4xten \u00e4r mer givande \u00e4n slutm\u00e5let. <\/p>\n\n\n\n<figure class=\"wp-block-image size-large\"><img loading=\"lazy\" decoding=\"async\" width=\"1024\" height=\"768\" src=\"https:\/\/livingaroha.com\/wp-content\/uploads\/2022\/06\/2018-04-27-14.08.24-1-1024x768.jpg\" alt=\"\" class=\"wp-image-214\" srcset=\"https:\/\/livingaroha.com\/wp-content\/uploads\/2022\/06\/2018-04-27-14.08.24-1-1024x768.jpg 1024w, https:\/\/livingaroha.com\/wp-content\/uploads\/2022\/06\/2018-04-27-14.08.24-1-300x225.jpg 300w, https:\/\/livingaroha.com\/wp-content\/uploads\/2022\/06\/2018-04-27-14.08.24-1-768x576.jpg 768w, https:\/\/livingaroha.com\/wp-content\/uploads\/2022\/06\/2018-04-27-14.08.24-1-1536x1152.jpg 1536w, https:\/\/livingaroha.com\/wp-content\/uploads\/2022\/06\/2018-04-27-14.08.24-1-2048x1536.jpg 2048w, https:\/\/livingaroha.com\/wp-content\/uploads\/2022\/06\/2018-04-27-14.08.24-1-1568x1176.jpg 1568w\" sizes=\"auto, (max-width: 1024px) 100vw, 1024px\" \/><\/figure>\n\n\n\n<figure class=\"wp-block-image size-large\"><img loading=\"lazy\" decoding=\"async\" width=\"1024\" height=\"678\" src=\"https:\/\/livingaroha.com\/wp-content\/uploads\/2022\/06\/DSC_1171-1024x678.jpg\" alt=\"\" class=\"wp-image-217\" srcset=\"https:\/\/livingaroha.com\/wp-content\/uploads\/2022\/06\/DSC_1171-1024x678.jpg 1024w, https:\/\/livingaroha.com\/wp-content\/uploads\/2022\/06\/DSC_1171-300x199.jpg 300w, https:\/\/livingaroha.com\/wp-content\/uploads\/2022\/06\/DSC_1171-768x509.jpg 768w, https:\/\/livingaroha.com\/wp-content\/uploads\/2022\/06\/DSC_1171-1536x1017.jpg 1536w, https:\/\/livingaroha.com\/wp-content\/uploads\/2022\/06\/DSC_1171-2048x1356.jpg 2048w, https:\/\/livingaroha.com\/wp-content\/uploads\/2022\/06\/DSC_1171-1568x1039.jpg 1568w\" sizes=\"auto, (max-width: 1024px) 100vw, 1024px\" \/><\/figure>\n","protected":false},"excerpt":{"rendered":"<p>Att arbeta tillsammans med en lycklig och frisk h\u00e4st \u00e4r v\u00e4l det som vi alla vill? F\u00f6r att uppn\u00e5 detta m\u00e5ste s\u00e5 mycket komma samman. Kommunikationen mellan dig och din h\u00e4st m\u00e5ste vara tydlig och v\u00e4nlig. B\u00e5de du och din h\u00e4st m\u00e5ste vara fysiskt starka och kunna r\u00f6ra er tillsammans i samma rytm. Fysisk och&hellip; <a class=\"more-link\" href=\"https:\/\/livingaroha.com\/?page_id=158\">Continue reading <span class=\"screen-reader-text\">Lektioner<\/span><\/a><\/p>\n","protected":false},"author":2,"featured_media":0,"parent":0,"menu_order":0,"comment_status":"closed","ping_status":"closed","template":"","meta":{"footnotes":""},"class_list":["post-158","page","type-page","status-publish","hentry","entry"],"_links":{"self":[{"href":"https:\/\/livingaroha.com\/index.php?rest_route=\/wp\/v2\/pages\/158","targetHints":{"allow":["GET"]}}],"collection":[{"href":"https:\/\/livingaroha.com\/index.php?rest_route=\/wp\/v2\/pages"}],"about":[{"href":"https:\/\/livingaroha.com\/index.php?rest_route=\/wp\/v2\/types\/page"}],"author":[{"embeddable":true,"href":"https:\/\/livingaroha.com\/index.php?rest_route=\/wp\/v2\/users\/2"}],"replies":[{"embeddable":true,"href":"https:\/\/livingaroha.com\/index.php?rest_route=%2Fwp%2Fv2%2Fcomments&post=158"}],"version-history":[{"count":8,"href":"https:\/\/livingaroha.com\/index.php?rest_route=\/wp\/v2\/pages\/158\/revisions"}],"predecessor-version":[{"id":318,"href":"https:\/\/livingaroha.com\/index.php?rest_route=\/wp\/v2\/pages\/158\/revisions\/318"}],"wp:attachment":[{"href":"https:\/\/livingaroha.com\/index.php?rest_route=%2Fwp%2Fv2%2Fmedia&parent=158"}],"curies":[{"name":"wp","href":"https:\/\/api.w.org\/{rel}","templated":true}]}}