{"id":356,"date":"2022-12-06T11:41:30","date_gmt":"2022-12-06T11:41:30","guid":{"rendered":"https:\/\/livingaroha.com\/?page_id=356"},"modified":"2022-12-09T08:39:31","modified_gmt":"2022-12-09T08:39:31","slug":"behandlade-djur","status":"publish","type":"page","link":"https:\/\/livingaroha.com\/?page_id=356","title":{"rendered":"Behandlade djur"},"content":{"rendered":"\n<p>Hugo <\/p>\n\n\n\n<p>Det h\u00e4r \u00e4r Hugo, en h\u00e4rlig ett\u00e5rig cane corso.<\/p>\n\n\n<div class=\"wp-block-image\">\n<figure class=\"alignright size-full is-resized\"><img loading=\"lazy\" decoding=\"async\" src=\"https:\/\/livingaroha.com\/wp-content\/uploads\/2022\/12\/photo_2022-11-24_13-43-51.jpg\" alt=\"\" class=\"wp-image-362\" width=\"390\" height=\"292\" srcset=\"https:\/\/livingaroha.com\/wp-content\/uploads\/2022\/12\/photo_2022-11-24_13-43-51.jpg 1024w, https:\/\/livingaroha.com\/wp-content\/uploads\/2022\/12\/photo_2022-11-24_13-43-51-300x225.jpg 300w, https:\/\/livingaroha.com\/wp-content\/uploads\/2022\/12\/photo_2022-11-24_13-43-51-768x576.jpg 768w\" sizes=\"auto, (max-width: 390px) 100vw, 390px\" \/><\/figure>\n<\/div>\n\n\n<p>I juli gjorde han ett olyckligt felsteg d\u00e4r han \u00f6verstr\u00e4ckte sitt bakben. Veterin\u00e4rerna kunde inte hitta vad som var fel men han fortsatte att halta i flera veckor efter\u00e5t. I september hade jag n\u00f6jet att tr\u00e4ffa denna underbara kille f\u00f6r att se om jag kunde hj\u00e4lpa honom. Efter en grundlig unders\u00f6kning konstaterade jag att hans v\u00e4nstra h\u00f6ftstr\u00e4ckning var begr\u00e4nsad och sm\u00e4rtsam. Dessutom hade hans bakre muskler p\u00e5 v\u00e4nster sida <a><\/a>minskat.<\/p>\n\n\n\n<p>Behandlingen bestod av begr\u00e4nsade promenader i koppel och specifika \u00f6vningar f\u00f6r att tr\u00e4na muskelstyrka och stabilitet runt h\u00f6fterna. Hans motiverade \u00e4gare tr\u00e4nade detta med honom och p\u00e5 bara n\u00e5gra veckor f\u00f6rb\u00e4ttrades han mycket. Vid det andra m\u00f6tet byggde vi upp \u00f6vningarna lite mer och jag behandlade honom med massage f\u00f6r rygg- och bakmuskulaturen. I b\u00f6rjan av m\u00e5naden hade jag det sista m\u00f6tet med Hugo eftersom han m\u00e5r j\u00e4ttebra och inte har n\u00e5gra begr\u00e4nsningar eller symtom l\u00e4ngre.<\/p>\n\n\n\n<p>Kommentarer fr\u00e5n hans \u00e4gare<\/p>\n\n\n\n<p>&#8220;Hugo k\u00e4nner sig str\u00e5lande och \u00e4lskar att hoppa runt. Idag tog vi n\u00e5gra bilder p\u00e5 v\u00e5r dagliga skogstur p\u00e5 ungef\u00e4r en timme. Han skadade sitt v\u00e4nstra ben i v\u00e5ras och led verkligen. Det var n\u00e4stan om\u00f6jligt f\u00f6r honom att g\u00e5 en kortare v\u00e4g.<\/p>\n\n\n\n<p>&#8220;Djurdoktorerna&#8221; var inte till n\u00e5gon hj\u00e4lp, som vi ber\u00e4ttade. Sedan bes\u00f6kte vi er och beundrade ert professionella s\u00e4tt att agera. Hugo k\u00e4nde bekv\u00e4m fr\u00e5n f\u00f6rsta \u00f6gonblicket s\u00e5 att ni kunde unders\u00f6ka honom utan problem &#8211; och framf\u00f6r allt utan bed\u00f6vning.<\/p>\n\n\n\n<p>Din analys och dina behandlingstips var bra och framg\u00e5ngsrika.<\/p>\n\n\n\n<p>Tack \u00e4n en g\u00e5ng och njut av bilderna p\u00e5 det levande resultatet av ditt arbete!&#8221;<\/p>\n\n\n\n<figure class=\"wp-block-gallery has-nested-images columns-default is-cropped wp-block-gallery-1 is-layout-flex wp-block-gallery-is-layout-flex\">\n<figure class=\"wp-block-image size-large\"><img loading=\"lazy\" decoding=\"async\" width=\"696\" height=\"764\" data-id=\"366\" src=\"https:\/\/livingaroha.com\/wp-content\/uploads\/2022\/12\/photo_2022-11-24_13-43-44-3-2.jpg\" alt=\"\" class=\"wp-image-366\" srcset=\"https:\/\/livingaroha.com\/wp-content\/uploads\/2022\/12\/photo_2022-11-24_13-43-44-3-2.jpg 696w, https:\/\/livingaroha.com\/wp-content\/uploads\/2022\/12\/photo_2022-11-24_13-43-44-3-2-273x300.jpg 273w\" sizes=\"auto, (max-width: 696px) 100vw, 696px\" \/><\/figure>\n\n\n\n<figure class=\"wp-block-image size-large\"><img loading=\"lazy\" decoding=\"async\" width=\"1024\" height=\"768\" data-id=\"365\" src=\"https:\/\/livingaroha.com\/wp-content\/uploads\/2022\/12\/photo_2022-11-24_13-43-53.jpg\" alt=\"\" class=\"wp-image-365\" srcset=\"https:\/\/livingaroha.com\/wp-content\/uploads\/2022\/12\/photo_2022-11-24_13-43-53.jpg 1024w, https:\/\/livingaroha.com\/wp-content\/uploads\/2022\/12\/photo_2022-11-24_13-43-53-300x225.jpg 300w, https:\/\/livingaroha.com\/wp-content\/uploads\/2022\/12\/photo_2022-11-24_13-43-53-768x576.jpg 768w\" sizes=\"auto, (max-width: 1024px) 100vw, 1024px\" \/><\/figure>\n\n\n\n<figure class=\"wp-block-image size-large\"><img loading=\"lazy\" decoding=\"async\" width=\"1024\" height=\"768\" data-id=\"364\" src=\"https:\/\/livingaroha.com\/wp-content\/uploads\/2022\/12\/photo_2022-11-24_13-43-46.jpg\" alt=\"\" class=\"wp-image-364\" srcset=\"https:\/\/livingaroha.com\/wp-content\/uploads\/2022\/12\/photo_2022-11-24_13-43-46.jpg 1024w, https:\/\/livingaroha.com\/wp-content\/uploads\/2022\/12\/photo_2022-11-24_13-43-46-300x225.jpg 300w, https:\/\/livingaroha.com\/wp-content\/uploads\/2022\/12\/photo_2022-11-24_13-43-46-768x576.jpg 768w\" sizes=\"auto, (max-width: 1024px) 100vw, 1024px\" \/><\/figure>\n<\/figure>\n","protected":false},"excerpt":{"rendered":"<p>Hugo Det h\u00e4r \u00e4r Hugo, en h\u00e4rlig ett\u00e5rig cane corso. I juli gjorde han ett olyckligt felsteg d\u00e4r han \u00f6verstr\u00e4ckte sitt bakben. Veterin\u00e4rerna kunde inte hitta vad som var fel men han fortsatte att halta i flera veckor efter\u00e5t. I september hade jag n\u00f6jet att tr\u00e4ffa denna underbara kille f\u00f6r att se om jag kunde [&hellip;]<\/p>\n","protected":false},"author":2,"featured_media":0,"parent":0,"menu_order":0,"comment_status":"closed","ping_status":"closed","template":"","meta":{"footnotes":""},"class_list":["post-356","page","type-page","status-publish","hentry"],"_links":{"self":[{"href":"https:\/\/livingaroha.com\/index.php?rest_route=\/wp\/v2\/pages\/356","targetHints":{"allow":["GET"]}}],"collection":[{"href":"https:\/\/livingaroha.com\/index.php?rest_route=\/wp\/v2\/pages"}],"about":[{"href":"https:\/\/livingaroha.com\/index.php?rest_route=\/wp\/v2\/types\/page"}],"author":[{"embeddable":true,"href":"https:\/\/livingaroha.com\/index.php?rest_route=\/wp\/v2\/users\/2"}],"replies":[{"embeddable":true,"href":"https:\/\/livingaroha.com\/index.php?rest_route=%2Fwp%2Fv2%2Fcomments&post=356"}],"version-history":[{"count":3,"href":"https:\/\/livingaroha.com\/index.php?rest_route=\/wp\/v2\/pages\/356\/revisions"}],"predecessor-version":[{"id":369,"href":"https:\/\/livingaroha.com\/index.php?rest_route=\/wp\/v2\/pages\/356\/revisions\/369"}],"wp:attachment":[{"href":"https:\/\/livingaroha.com\/index.php?rest_route=%2Fwp%2Fv2%2Fmedia&parent=356"}],"curies":[{"name":"wp","href":"https:\/\/api.w.org\/{rel}","templated":true}]}}