{"id":573,"date":"2024-04-25T09:56:24","date_gmt":"2024-04-25T09:56:24","guid":{"rendered":"https:\/\/livingaroha.com\/?page_id=573"},"modified":"2024-05-09T13:01:53","modified_gmt":"2024-05-09T13:01:53","slug":"vikt-och-halsokontroll","status":"publish","type":"page","link":"https:\/\/livingaroha.com\/?page_id=573","title":{"rendered":"Vikt och h\u00e4lsokontroll"},"content":{"rendered":"\n<p>Nuf\u00f6rtiden finns det m\u00e5nga hundar som har ett viktproblem, ett problem som p\u00e5verkar hela h\u00e4lsan. Hundar med \u00f6vervikt har det sv\u00e5rare att r\u00f6r sig som ofta ger en ond cirkel vilket g\u00f6r att vikten \u00f6kar allt mer. \u00d6vervikt ger precis som f\u00f6r oss sj\u00e4lv m\u00e5nga h\u00e4lsoproblem. S\u00e5 finns risken f\u00f6r artros st\u00f6rre och kan det orsaka hj\u00e4rtsvikt och diabetes. Alltihop inneb\u00e4r det att den f\u00f6rv\u00e4ntade livsl\u00e4ngden av din hund kan g\u00e5 ner med 2 \u00e5r eller mer.<\/p>\n\n\n\n<p>Risken f\u00f6r \u00f6vervikt kan g\u00e5 upp efter sterilisering\/kastrering eller n\u00e4r de blir \u00e4ldre. Men det \u00e4r ocks\u00e5 l\u00e4tt gjort att hundarna f\u00e5r helt enkelt f\u00f6r mycket mat\/godis och r\u00f6r sig inte tillr\u00e4ckligt.&nbsp;<\/p>\n\n\n\n<p>Naturligtvis \u00e4r det inte heller bra f\u00f6r h\u00e4lsan n\u00e4r hundarna har undervikt. Undervikt kan ha flera orsaker som till exempel, mask, tandproblem, stress, tarmproblem, maten som inte passar (allergier) eller andra sjukdomar.&nbsp;<\/p>\n\n\n\n<p>Genom en h\u00e4lsokontroll f\u00e5r du koll p\u00e5 hur det st\u00e5r till med din hund och f\u00e5r du r\u00e5d och tips.<\/p>\n\n\n\n<p>En h\u00e4lsokontroll best\u00e5r av en viktkontroll, r\u00f6relseanalys, muskelkontroll och ett allm\u00e4nt intryck av konditionen. Efter det f\u00e5r du r\u00e5d och tips s\u00e5 att du vet vad du kan g\u00f6ra f\u00f6r att f\u00e5 din hund i sitt b\u00e4sta skick.<\/p>\n\n\n\n<p><\/p>\n\n\n\n<p><\/p>\n\n\n\n<p><\/p>\n","protected":false},"excerpt":{"rendered":"<p>Nuf\u00f6rtiden finns det m\u00e5nga hundar som har ett viktproblem, ett problem som p\u00e5verkar hela h\u00e4lsan. Hundar med \u00f6vervikt har det sv\u00e5rare att r\u00f6r sig som ofta ger en ond cirkel vilket g\u00f6r att vikten \u00f6kar allt mer. \u00d6vervikt ger precis som f\u00f6r oss sj\u00e4lv m\u00e5nga h\u00e4lsoproblem. S\u00e5 finns risken f\u00f6r artros st\u00f6rre och kan det&hellip; <a class=\"more-link\" href=\"https:\/\/livingaroha.com\/?page_id=573\">Continue reading <span class=\"screen-reader-text\">Vikt och h\u00e4lsokontroll<\/span><\/a><\/p>\n","protected":false},"author":2,"featured_media":0,"parent":0,"menu_order":0,"comment_status":"closed","ping_status":"closed","template":"","meta":{"footnotes":""},"class_list":["post-573","page","type-page","status-publish","hentry","entry"],"_links":{"self":[{"href":"https:\/\/livingaroha.com\/index.php?rest_route=\/wp\/v2\/pages\/573","targetHints":{"allow":["GET"]}}],"collection":[{"href":"https:\/\/livingaroha.com\/index.php?rest_route=\/wp\/v2\/pages"}],"about":[{"href":"https:\/\/livingaroha.com\/index.php?rest_route=\/wp\/v2\/types\/page"}],"author":[{"embeddable":true,"href":"https:\/\/livingaroha.com\/index.php?rest_route=\/wp\/v2\/users\/2"}],"replies":[{"embeddable":true,"href":"https:\/\/livingaroha.com\/index.php?rest_route=%2Fwp%2Fv2%2Fcomments&post=573"}],"version-history":[{"count":3,"href":"https:\/\/livingaroha.com\/index.php?rest_route=\/wp\/v2\/pages\/573\/revisions"}],"predecessor-version":[{"id":620,"href":"https:\/\/livingaroha.com\/index.php?rest_route=\/wp\/v2\/pages\/573\/revisions\/620"}],"wp:attachment":[{"href":"https:\/\/livingaroha.com\/index.php?rest_route=%2Fwp%2Fv2%2Fmedia&parent=573"}],"curies":[{"name":"wp","href":"https:\/\/api.w.org\/{rel}","templated":true}]}}