{"id":618,"date":"2024-05-05T09:24:16","date_gmt":"2024-05-05T09:24:16","guid":{"rendered":"https:\/\/livingaroha.com\/?page_id=618"},"modified":"2026-05-09T13:09:30","modified_gmt":"2026-05-09T13:09:30","slug":"stressrelaterad-ohalsa-och-utmattning","status":"publish","type":"page","link":"https:\/\/livingaroha.com\/?page_id=618","title":{"rendered":"Stressrelaterad oh\u00e4lsa och utmattning"},"content":{"rendered":"\n<p>I v\u00e5r dagliga liv har vi ofta m\u00e5nga faktorer som stimulerar en stress reaktion. Olika krav som vi m\u00e5ste uppfylla, kraven som vi s\u00e4tter p\u00e5 oss sj\u00e4lv och kraven som andra st\u00e4ller till oss. Dessutom sitter vi och jobbar allt mer framf\u00f6r sk\u00e4rmen, som ger mycket mer stimuli \u00e4n det v\u00e5r hj\u00e4rna \u00e4r skapat f\u00f6r.<br><br>Det \u00e4r l\u00e4tt h\u00e4nt att det blir alltihop f\u00f6r mycket f\u00f6r v\u00e5r system att hantera.  Om vi \u00e4r tidigt nog kan det racka med att ta ett steg tillbaka, unna oss en paus f\u00f6r \u00e5terh\u00e4mtning. Men om vi bara jobbar p\u00e5, f\u00f6rs\u00f6ker utth\u00e5rda allt och ignorera v\u00e5r kroppens signaler g\u00e5ng om g\u00e5ng igen, finns det en punkt att det tar stopp.<\/p>\n\n\n\n<p>N\u00e4r nervsystemet \u00e4r \u00f6verbelastad blir, allt som var enkelt f\u00f6rr, allt vi tog f\u00f6r givet, plotsligt till en stor utmaning.<\/p>\n\n\n\n<p>F\u00f6r att kunna l\u00e4ka fr\u00e5n det, beh\u00f6ver vi f\u00f6rst\u00e5 hur det har sked och vad som p\u00e5gar i kroppen i s\u00e5n situation.<br>\u00c5t ena sida handlar det om att lugna ner nerv systemet och vila men bara vila r\u00e4cker inte vi beh\u00f6ver bygga upp kroppen igen, \u00f6ka stressmotst\u00e5ndskraften och f\u00f6rst\u00e5 var det het g\u00e5tt fel. F\u00e5 redskap f\u00f6r att hitta en b\u00e4ttre balans i framtiden. <\/p>\n\n\n\n<p>Jag hj\u00e4lper dig g\u00e4rna p\u00e5 din v\u00e4g till \u00e5terh\u00e4mtning. Det \u00e4r en helhetsbehandling d\u00e4r vi pratar om din stressfaktorer, saker som hj\u00e4lper dig att slappna av, hur du \u00f6kar din stress motst\u00e5ndskraft och hur kost p\u00e5verkar det hela. <\/p>\n\n\n\n<p>Behandlingen \u00e4r m\u00f6jligt p\u00e5 distans, i naturen eller i kliniken. <\/p>\n\n\n\n<p>V\u00e4lkommen att ta kontakt!<\/p>\n\n\n\n<figure class=\"wp-block-image size-large\"><img loading=\"lazy\" decoding=\"async\" width=\"768\" height=\"1024\" src=\"https:\/\/livingaroha.com\/wp-content\/uploads\/2023\/08\/20230806_150701-768x1024.jpg\" alt=\"\" class=\"wp-image-395\" srcset=\"https:\/\/livingaroha.com\/wp-content\/uploads\/2023\/08\/20230806_150701-768x1024.jpg 768w, https:\/\/livingaroha.com\/wp-content\/uploads\/2023\/08\/20230806_150701-225x300.jpg 225w, https:\/\/livingaroha.com\/wp-content\/uploads\/2023\/08\/20230806_150701-1152x1536.jpg 1152w, https:\/\/livingaroha.com\/wp-content\/uploads\/2023\/08\/20230806_150701-1536x2048.jpg 1536w, https:\/\/livingaroha.com\/wp-content\/uploads\/2023\/08\/20230806_150701-1568x2091.jpg 1568w, https:\/\/livingaroha.com\/wp-content\/uploads\/2023\/08\/20230806_150701-scaled.jpg 1920w\" sizes=\"auto, (max-width: 768px) 100vw, 768px\" \/><\/figure>\n\n\n\n<p><\/p>\n\n\n\n<p><\/p>\n","protected":false},"excerpt":{"rendered":"<p>I v\u00e5r dagliga liv har vi ofta m\u00e5nga faktorer som stimulerar en stress reaktion. Olika krav som vi m\u00e5ste uppfylla, kraven som vi s\u00e4tter p\u00e5 oss sj\u00e4lv och kraven som andra st\u00e4ller till oss. Dessutom sitter vi och jobbar allt mer framf\u00f6r sk\u00e4rmen, som ger mycket mer stimuli \u00e4n det v\u00e5r hj\u00e4rna \u00e4r skapat f\u00f6r. [&hellip;]<\/p>\n","protected":false},"author":2,"featured_media":0,"parent":0,"menu_order":0,"comment_status":"closed","ping_status":"closed","template":"","meta":{"footnotes":""},"class_list":["post-618","page","type-page","status-publish","hentry"],"_links":{"self":[{"href":"https:\/\/livingaroha.com\/index.php?rest_route=\/wp\/v2\/pages\/618","targetHints":{"allow":["GET"]}}],"collection":[{"href":"https:\/\/livingaroha.com\/index.php?rest_route=\/wp\/v2\/pages"}],"about":[{"href":"https:\/\/livingaroha.com\/index.php?rest_route=\/wp\/v2\/types\/page"}],"author":[{"embeddable":true,"href":"https:\/\/livingaroha.com\/index.php?rest_route=\/wp\/v2\/users\/2"}],"replies":[{"embeddable":true,"href":"https:\/\/livingaroha.com\/index.php?rest_route=%2Fwp%2Fv2%2Fcomments&post=618"}],"version-history":[{"count":3,"href":"https:\/\/livingaroha.com\/index.php?rest_route=\/wp\/v2\/pages\/618\/revisions"}],"predecessor-version":[{"id":759,"href":"https:\/\/livingaroha.com\/index.php?rest_route=\/wp\/v2\/pages\/618\/revisions\/759"}],"wp:attachment":[{"href":"https:\/\/livingaroha.com\/index.php?rest_route=%2Fwp%2Fv2%2Fmedia&parent=618"}],"curies":[{"name":"wp","href":"https:\/\/api.w.org\/{rel}","templated":true}]}}