{"id":632,"date":"2024-07-17T08:50:49","date_gmt":"2024-07-17T08:50:49","guid":{"rendered":"https:\/\/livingaroha.com\/?page_id=632"},"modified":"2024-07-17T08:50:50","modified_gmt":"2024-07-17T08:50:50","slug":"allmanna-villkor","status":"publish","type":"page","link":"https:\/\/livingaroha.com\/?page_id=632","title":{"rendered":"Allm\u00e4nna villkor"},"content":{"rendered":"\n<p>Betalning sker via Swish eller kontant. Vid behov skickas en faktura efter\u00e5t. Betalning av medlemskap sker via faktura.<\/p>\n\n\n\n<p> Djuret ska vara rent och torrt vid bes\u00f6ket. <\/p>\n\n\n\n<p>Vid h\u00e4stunders\u00f6kning beh\u00f6vs en ridbana eller en l\u00e4mplig hage f\u00f6r att kunna unders\u00f6ka r\u00f6relsem\u00f6nstren. Det \u00e4r \u00f6nskv\u00e4rt att ha tillg\u00e5ng till b\u00e5de mjukt och h\u00e5rt underlag f\u00f6r j\u00e4mf\u00f6relse. <\/p>\n\n\n\n<p>Om fysioterapeuten anser att djuret \u00e4r f\u00f6r farligt f\u00f6r att kunna genomf\u00f6ra hela unders\u00f6kningen, har fysioterapeuten alltid r\u00e4tt att avbryta unders\u00f6kningen\/behandlingen eller utf\u00f6ra den p\u00e5 ett alternativt s\u00e4tt. Det finns ingen s\u00e4nkning av kostnader om unders\u00f6kningen inte kan genomf\u00f6ras helt p\u00e5 grund av detta.<\/p>\n\n\n\n<hr class=\"wp-block-separator has-alpha-channel-opacity\"\/>\n\n\n\n<p><\/p>\n\n\n\n<p><\/p>\n","protected":false},"excerpt":{"rendered":"<p>Betalning sker via Swish eller kontant. Vid behov skickas en faktura efter\u00e5t. Betalning av medlemskap sker via faktura. Djuret ska vara rent och torrt vid bes\u00f6ket. Vid h\u00e4stunders\u00f6kning beh\u00f6vs en ridbana eller en l\u00e4mplig hage f\u00f6r att kunna unders\u00f6ka r\u00f6relsem\u00f6nstren. Det \u00e4r \u00f6nskv\u00e4rt att ha tillg\u00e5ng till b\u00e5de mjukt och h\u00e5rt underlag f\u00f6r j\u00e4mf\u00f6relse. Om [&hellip;]<\/p>\n","protected":false},"author":2,"featured_media":0,"parent":0,"menu_order":0,"comment_status":"closed","ping_status":"closed","template":"","meta":{"footnotes":""},"class_list":["post-632","page","type-page","status-publish","hentry"],"_links":{"self":[{"href":"https:\/\/livingaroha.com\/index.php?rest_route=\/wp\/v2\/pages\/632","targetHints":{"allow":["GET"]}}],"collection":[{"href":"https:\/\/livingaroha.com\/index.php?rest_route=\/wp\/v2\/pages"}],"about":[{"href":"https:\/\/livingaroha.com\/index.php?rest_route=\/wp\/v2\/types\/page"}],"author":[{"embeddable":true,"href":"https:\/\/livingaroha.com\/index.php?rest_route=\/wp\/v2\/users\/2"}],"replies":[{"embeddable":true,"href":"https:\/\/livingaroha.com\/index.php?rest_route=%2Fwp%2Fv2%2Fcomments&post=632"}],"version-history":[{"count":1,"href":"https:\/\/livingaroha.com\/index.php?rest_route=\/wp\/v2\/pages\/632\/revisions"}],"predecessor-version":[{"id":633,"href":"https:\/\/livingaroha.com\/index.php?rest_route=\/wp\/v2\/pages\/632\/revisions\/633"}],"wp:attachment":[{"href":"https:\/\/livingaroha.com\/index.php?rest_route=%2Fwp%2Fv2%2Fmedia&parent=632"}],"curies":[{"name":"wp","href":"https:\/\/api.w.org\/{rel}","templated":true}]}}